{"id":2401,"date":"2021-02-13T19:46:55","date_gmt":"2021-02-13T19:46:55","guid":{"rendered":"http:\/\/somoskhepri.com.ar\/?post_type=product&#038;p=2401"},"modified":"2023-09-06T10:40:32","modified_gmt":"2023-09-06T10:40:32","slug":"bolsa-de-lienzo-20x30-sin-estampa-x20u","status":"publish","type":"product","link":"https:\/\/somoskhepri.com.ar\/?product=bolsa-de-lienzo-20x30-sin-estampa-x20u","title":{"rendered":"Bolsa de lienzo 20&#215;30 sin estampa x20u"},"content":{"rendered":"<p>Confeccionada en lienzo intermedio, con doble cord\u00f3n de ahorque para un mejor cierra.<\/p>\n<p>Sin estampa.<\/p>\n<p>Pack por 20 unidades<\/p>\n<p>Aptas para: sublimaci\u00f3n, serigraf\u00eda, pintura sobre tela, bordado, sello y mucho m\u00e1s!<\/p>\n<p>Producto que requiere tiempo de elaboraci\u00f3n. Consultar previamente<\/p>\n","protected":false},"excerpt":{"rendered":"<p>Confeccionada en lienzo intermedio, con doble cord\u00f3n de ahorque para un mejor cierra. Sin estampa. Pack por 20 unidades Aptas para: sublimaci\u00f3n, serigraf\u00eda, pintura sobre tela, bordado, sello y mucho m\u00e1s! Producto que requiere tiempo de elaboraci\u00f3n. Consultar previamente<\/p>\n","protected":false},"featured_media":1568,"comment_status":"open","ping_status":"closed","template":"","meta":[],"product_brand":[],"product_cat":[15],"product_tag":[],"class_list":{"0":"post-2401","1":"product","2":"type-product","3":"status-publish","4":"has-post-thumbnail","6":"product_cat-sin-categorizar","8":"first","9":"outofstock","10":"shipping-taxable","11":"purchasable","12":"product-type-simple"},"_links":{"self":[{"href":"https:\/\/somoskhepri.com.ar\/index.php?rest_route=\/wp\/v2\/product\/2401","targetHints":{"allow":["GET"]}}],"collection":[{"href":"https:\/\/somoskhepri.com.ar\/index.php?rest_route=\/wp\/v2\/product"}],"about":[{"href":"https:\/\/somoskhepri.com.ar\/index.php?rest_route=\/wp\/v2\/types\/product"}],"replies":[{"embeddable":true,"href":"https:\/\/somoskhepri.com.ar\/index.php?rest_route=%2Fwp%2Fv2%2Fcomments&post=2401"}],"wp:featuredmedia":[{"embeddable":true,"href":"https:\/\/somoskhepri.com.ar\/index.php?rest_route=\/wp\/v2\/media\/1568"}],"wp:attachment":[{"href":"https:\/\/somoskhepri.com.ar\/index.php?rest_route=%2Fwp%2Fv2%2Fmedia&parent=2401"}],"wp:term":[{"taxonomy":"product_brand","embeddable":true,"href":"https:\/\/somoskhepri.com.ar\/index.php?rest_route=%2Fwp%2Fv2%2Fproduct_brand&post=2401"},{"taxonomy":"product_cat","embeddable":true,"href":"https:\/\/somoskhepri.com.ar\/index.php?rest_route=%2Fwp%2Fv2%2Fproduct_cat&post=2401"},{"taxonomy":"product_tag","embeddable":true,"href":"https:\/\/somoskhepri.com.ar\/index.php?rest_route=%2Fwp%2Fv2%2Fproduct_tag&post=2401"}],"curies":[{"name":"wp","href":"https:\/\/api.w.org\/{rel}","templated":true}]}}