{"id":2468,"date":"2021-02-14T16:57:07","date_gmt":"2021-02-14T16:57:07","guid":{"rendered":"http:\/\/somoskhepri.com.ar\/?post_type=product&#038;p=2468"},"modified":"2024-03-03T12:41:47","modified_gmt":"2024-03-03T12:41:47","slug":"diseno-logo-intermedio","status":"publish","type":"product","link":"https:\/\/somoskhepri.com.ar\/?product=diseno-logo-intermedio","title":{"rendered":"Dise\u00f1o logo intermedio"},"content":{"rendered":"<p>IMPORTANTE:<br \/>\nEste pack contempla 3 muestras de logo 2 modificaciones espec\u00edficas en base al dise\u00f1o que hayas elegido, por este motivo es importante que la informaci\u00f3n que nos brindes sea lo m\u00e1s representativa posible en base a lo que quer\u00e9s para tu logo.<\/p>\n<p>Una vez finalizado te enviaremos por mail<br \/>\n* Archivos digitales en formato AI (Illustrator), PDF, y png<br \/>\n* Manual de identidad de marca. Donde podr\u00e1s tener acceso a los colores, tipograf\u00eda utilizada y dem\u00e1s, para mantener la est\u00e9tica de tu marca en publicaciones que realices<\/p>\n","protected":false},"excerpt":{"rendered":"<p>Dise\u00f1amos tu logo con herramientas profesionales<\/p>\n<p>\u00bfQU\u00c9 INCLUYE EL PACK INTERMEDIO?<\/p>\n<p>Si quer\u00e9s generar tu logo desde 0, porque el tuyo no te gusta o porque simplemente est\u00e1s comenzando a emprender, este pack es para vos.<\/p>\n<p>\u00bfC\u00f3mo proceder?<\/p>\n<p>1. Una vez que confirmes tu compra nos contactamos por el chat de ML donde te realizaremos algunas preguntas necesarias para tu dise\u00f1o<br \/>\n2. Se te enviar\u00e1n 3 muestras de las cuales podr\u00e1s elegir 1 y pedir correcciones espec\u00edficas (color, tipograf\u00eda, tama\u00f1o, etc).<br \/>\n3 . Siempre se trabajar\u00e1 sobre la misma base. (Si sobre el avance del dise\u00f1o prefer\u00eds otra de las muestras o un cambio radical, se cobrar\u00e1 adicional)<br \/>\n4. Te enviaremos la muestra nuevamente con las modificaciones<br \/>\n5. Tendr\u00e1s la opci\u00f3n de ultimar detalles otra vez.<br \/>\n6. Te enviaremos la muestra final<\/p>\n","protected":false},"featured_media":2462,"comment_status":"open","ping_status":"closed","template":"","meta":[],"product_brand":[],"product_cat":[15],"product_tag":[54,55,56,57],"class_list":{"0":"post-2468","1":"product","2":"type-product","3":"status-publish","4":"has-post-thumbnail","6":"product_cat-sin-categorizar","7":"product_tag-diseno","8":"product_tag-disenografico","9":"product_tag-logo","10":"product_tag-tulogo","12":"first","13":"outofstock","14":"shipping-taxable","15":"purchasable","16":"product-type-simple"},"_links":{"self":[{"href":"https:\/\/somoskhepri.com.ar\/index.php?rest_route=\/wp\/v2\/product\/2468","targetHints":{"allow":["GET"]}}],"collection":[{"href":"https:\/\/somoskhepri.com.ar\/index.php?rest_route=\/wp\/v2\/product"}],"about":[{"href":"https:\/\/somoskhepri.com.ar\/index.php?rest_route=\/wp\/v2\/types\/product"}],"replies":[{"embeddable":true,"href":"https:\/\/somoskhepri.com.ar\/index.php?rest_route=%2Fwp%2Fv2%2Fcomments&post=2468"}],"wp:featuredmedia":[{"embeddable":true,"href":"https:\/\/somoskhepri.com.ar\/index.php?rest_route=\/wp\/v2\/media\/2462"}],"wp:attachment":[{"href":"https:\/\/somoskhepri.com.ar\/index.php?rest_route=%2Fwp%2Fv2%2Fmedia&parent=2468"}],"wp:term":[{"taxonomy":"product_brand","embeddable":true,"href":"https:\/\/somoskhepri.com.ar\/index.php?rest_route=%2Fwp%2Fv2%2Fproduct_brand&post=2468"},{"taxonomy":"product_cat","embeddable":true,"href":"https:\/\/somoskhepri.com.ar\/index.php?rest_route=%2Fwp%2Fv2%2Fproduct_cat&post=2468"},{"taxonomy":"product_tag","embeddable":true,"href":"https:\/\/somoskhepri.com.ar\/index.php?rest_route=%2Fwp%2Fv2%2Fproduct_tag&post=2468"}],"curies":[{"name":"wp","href":"https:\/\/api.w.org\/{rel}","templated":true}]}}