{"id":2479,"date":"2021-02-15T12:49:26","date_gmt":"2021-02-15T12:49:26","guid":{"rendered":"http:\/\/somoskhepri.com.ar\/?post_type=product&#038;p=2479"},"modified":"2025-10-03T08:52:16","modified_gmt":"2025-10-03T08:52:16","slug":"plancha-stickers-por-mayor-medida-y-forma-a-eleccion","status":"publish","type":"product","link":"https:\/\/somoskhepri.com.ar\/?product=plancha-stickers-por-mayor-medida-y-forma-a-eleccion","title":{"rendered":"5 Planchas stickers por mayor. Medida y forma a elecci\u00f3n A PARTIR DE 3CMTRS"},"content":{"rendered":"<p><strong>\u00bfC\u00f3mo avanzar con tu pedido?<\/strong><\/p>\n<p>Una vez que realices tu compra nos pondremos en contacto con vos v\u00eda e-mail para solicitarte la informaci\u00f3n necesaria para armar tu pedido:<\/p>\n<p>* logo: formato ideal png, PDF, Corel o Illustrator. Otros formatos no garantizan la calidad de la imagen.<\/p>\n<p>* redes sociales que quieras incluir<\/p>\n<p>&nbsp;<\/p>\n<p>Se te enviar\u00e1 un boceto digital para que puedas corroborar que est\u00e9 todo ok. Una vez que nos lo confirmes, lo enviamos a taller.<\/p>\n<p>Tiempo de elaboraci\u00f3n aprox: 7\/10 d\u00edas habiles una vez aprobado el boceto<\/p>\n","protected":false},"excerpt":{"rendered":"<p>5 planchas de stickers tama\u00f1o y formato a elecci\u00f3n (mismo dise\u00f1o para todas las planchas)<\/p>\n<p>Ideal para decorar tu packaging!!!<\/p>\n<p>Impresi\u00f3n full color sobre papel adhesivo. Troquelados, listos para despegar y colocar.<\/p>\n<p>Tama\u00f1o total de cada plancha: A3 (30&#215;40)<\/p>\n","protected":false},"featured_media":2480,"comment_status":"open","ping_status":"closed","template":"","meta":[],"product_brand":[],"product_cat":[58,75],"product_tag":[59,60],"class_list":{"0":"post-2479","1":"product","2":"type-product","3":"status-publish","4":"has-post-thumbnail","6":"product_cat-stickers","7":"product_cat-por-mayor","8":"product_tag-etiquetasadhesivas","9":"product_tag-stickers","11":"first","12":"instock","13":"shipping-taxable","14":"purchasable","15":"product-type-simple"},"_links":{"self":[{"href":"https:\/\/somoskhepri.com.ar\/index.php?rest_route=\/wp\/v2\/product\/2479","targetHints":{"allow":["GET"]}}],"collection":[{"href":"https:\/\/somoskhepri.com.ar\/index.php?rest_route=\/wp\/v2\/product"}],"about":[{"href":"https:\/\/somoskhepri.com.ar\/index.php?rest_route=\/wp\/v2\/types\/product"}],"replies":[{"embeddable":true,"href":"https:\/\/somoskhepri.com.ar\/index.php?rest_route=%2Fwp%2Fv2%2Fcomments&post=2479"}],"wp:featuredmedia":[{"embeddable":true,"href":"https:\/\/somoskhepri.com.ar\/index.php?rest_route=\/wp\/v2\/media\/2480"}],"wp:attachment":[{"href":"https:\/\/somoskhepri.com.ar\/index.php?rest_route=%2Fwp%2Fv2%2Fmedia&parent=2479"}],"wp:term":[{"taxonomy":"product_brand","embeddable":true,"href":"https:\/\/somoskhepri.com.ar\/index.php?rest_route=%2Fwp%2Fv2%2Fproduct_brand&post=2479"},{"taxonomy":"product_cat","embeddable":true,"href":"https:\/\/somoskhepri.com.ar\/index.php?rest_route=%2Fwp%2Fv2%2Fproduct_cat&post=2479"},{"taxonomy":"product_tag","embeddable":true,"href":"https:\/\/somoskhepri.com.ar\/index.php?rest_route=%2Fwp%2Fv2%2Fproduct_tag&post=2479"}],"curies":[{"name":"wp","href":"https:\/\/api.w.org\/{rel}","templated":true}]}}