{"id":2600,"date":"2021-05-31T13:36:41","date_gmt":"2021-05-31T13:36:41","guid":{"rendered":"https:\/\/somoskhepri.com.ar\/?post_type=product&#038;p=2600"},"modified":"2023-09-06T10:39:52","modified_gmt":"2023-09-06T10:39:52","slug":"bolsa-de-lienzo-c-volado-15x20-sin-estampa-x10u","status":"publish","type":"product","link":"https:\/\/somoskhepri.com.ar\/?product=bolsa-de-lienzo-c-volado-15x20-sin-estampa-x10u","title":{"rendered":"Bolsa de lienzo c\/volado 15&#215;15 sin estampa x20u"},"content":{"rendered":"<p>Confeccionada en lienzo intermedio, con volado superior<\/p>\n<p>Medida: 15&#215;15 + volado<\/p>\n<p>1 pasada de cord\u00f3n de algod\u00f3n color natural<\/p>\n<p>Sin estampa.<\/p>\n<p>Pack por 20 unidades<\/p>\n<p>Aptas para: sublimaci\u00f3n, serigraf\u00eda, pintura sobre tela, bordado, sello y mucho m\u00e1s!<\/p>\n<p>Producto que requiere tiempo de elaboraci\u00f3n. Consultar previamente<\/p>\n","protected":false},"excerpt":{"rendered":"<p>Confeccionada en lienzo intermedio, con volado superior Medida: 15&#215;15 + volado 1 pasada de cord\u00f3n de algod\u00f3n color natural Sin estampa. Pack por 20 unidades Aptas para: sublimaci\u00f3n, serigraf\u00eda, pintura sobre tela, bordado, sello y mucho m\u00e1s! Producto que requiere tiempo de elaboraci\u00f3n. Consultar previamente<\/p>\n","protected":false},"featured_media":2672,"comment_status":"open","ping_status":"closed","template":"","meta":[],"product_brand":[],"product_cat":[15],"product_tag":[74,50,51],"class_list":{"0":"post-2600","1":"product","2":"type-product","3":"status-publish","4":"has-post-thumbnail","6":"product_cat-sin-categorizar","7":"product_tag-bag","8":"product_tag-bolsalienzo","9":"product_tag-bolsatela","11":"first","12":"outofstock","13":"shipping-taxable","14":"purchasable","15":"product-type-simple"},"_links":{"self":[{"href":"https:\/\/somoskhepri.com.ar\/index.php?rest_route=\/wp\/v2\/product\/2600","targetHints":{"allow":["GET"]}}],"collection":[{"href":"https:\/\/somoskhepri.com.ar\/index.php?rest_route=\/wp\/v2\/product"}],"about":[{"href":"https:\/\/somoskhepri.com.ar\/index.php?rest_route=\/wp\/v2\/types\/product"}],"replies":[{"embeddable":true,"href":"https:\/\/somoskhepri.com.ar\/index.php?rest_route=%2Fwp%2Fv2%2Fcomments&post=2600"}],"wp:featuredmedia":[{"embeddable":true,"href":"https:\/\/somoskhepri.com.ar\/index.php?rest_route=\/wp\/v2\/media\/2672"}],"wp:attachment":[{"href":"https:\/\/somoskhepri.com.ar\/index.php?rest_route=%2Fwp%2Fv2%2Fmedia&parent=2600"}],"wp:term":[{"taxonomy":"product_brand","embeddable":true,"href":"https:\/\/somoskhepri.com.ar\/index.php?rest_route=%2Fwp%2Fv2%2Fproduct_brand&post=2600"},{"taxonomy":"product_cat","embeddable":true,"href":"https:\/\/somoskhepri.com.ar\/index.php?rest_route=%2Fwp%2Fv2%2Fproduct_cat&post=2600"},{"taxonomy":"product_tag","embeddable":true,"href":"https:\/\/somoskhepri.com.ar\/index.php?rest_route=%2Fwp%2Fv2%2Fproduct_tag&post=2600"}],"curies":[{"name":"wp","href":"https:\/\/api.w.org\/{rel}","templated":true}]}}