{"id":2601,"date":"2021-05-31T13:36:45","date_gmt":"2021-05-31T13:36:45","guid":{"rendered":"https:\/\/somoskhepri.com.ar\/?post_type=product&#038;p=2601"},"modified":"2023-09-06T10:39:43","modified_gmt":"2023-09-06T10:39:43","slug":"bolsa-de-lienzo-c-volado-15x20-con-estampa-x20u","status":"publish","type":"product","link":"https:\/\/somoskhepri.com.ar\/?product=bolsa-de-lienzo-c-volado-15x20-con-estampa-x20u","title":{"rendered":"Bolsa de lienzo c\/ volado 15&#215;15 con estampa x20u"},"content":{"rendered":"<p>Confeccionada en lienzo intermedio, con volado superior<\/p>\n<p>Medida: 15&#215;15 + volado<\/p>\n<p>1 pasada de cord\u00f3n de algod\u00f3n color natural<\/p>\n<p>Incluye estampa sublimada fulll color<\/p>\n<p>Pack por 20 unidades<\/p>\n<p>Aptas para: sublimaci\u00f3n, serigraf\u00eda, pintura sobre tela, bordado, sello y mucho m\u00e1s!<\/p>\n<p>Producto que requiere tiempo de elaboraci\u00f3n. Consultar previamente<\/p>\n","protected":false},"excerpt":{"rendered":"<p>Confeccionada en lienzo intermedio, con volado superior Medida: 15&#215;15 + volado 1 pasada de cord\u00f3n de algod\u00f3n color natural Incluye estampa sublimada fulll color Pack por 20 unidades Aptas para: sublimaci\u00f3n, serigraf\u00eda, pintura sobre tela, bordado, sello y mucho m\u00e1s! Producto que requiere tiempo de elaboraci\u00f3n. Consultar previamente<\/p>\n","protected":false},"featured_media":2672,"comment_status":"open","ping_status":"closed","template":"","meta":[],"product_brand":[],"product_cat":[15],"product_tag":[],"class_list":{"0":"post-2601","1":"product","2":"type-product","3":"status-publish","4":"has-post-thumbnail","6":"product_cat-sin-categorizar","8":"first","9":"outofstock","10":"shipping-taxable","11":"purchasable","12":"product-type-simple"},"_links":{"self":[{"href":"https:\/\/somoskhepri.com.ar\/index.php?rest_route=\/wp\/v2\/product\/2601","targetHints":{"allow":["GET"]}}],"collection":[{"href":"https:\/\/somoskhepri.com.ar\/index.php?rest_route=\/wp\/v2\/product"}],"about":[{"href":"https:\/\/somoskhepri.com.ar\/index.php?rest_route=\/wp\/v2\/types\/product"}],"replies":[{"embeddable":true,"href":"https:\/\/somoskhepri.com.ar\/index.php?rest_route=%2Fwp%2Fv2%2Fcomments&post=2601"}],"wp:featuredmedia":[{"embeddable":true,"href":"https:\/\/somoskhepri.com.ar\/index.php?rest_route=\/wp\/v2\/media\/2672"}],"wp:attachment":[{"href":"https:\/\/somoskhepri.com.ar\/index.php?rest_route=%2Fwp%2Fv2%2Fmedia&parent=2601"}],"wp:term":[{"taxonomy":"product_brand","embeddable":true,"href":"https:\/\/somoskhepri.com.ar\/index.php?rest_route=%2Fwp%2Fv2%2Fproduct_brand&post=2601"},{"taxonomy":"product_cat","embeddable":true,"href":"https:\/\/somoskhepri.com.ar\/index.php?rest_route=%2Fwp%2Fv2%2Fproduct_cat&post=2601"},{"taxonomy":"product_tag","embeddable":true,"href":"https:\/\/somoskhepri.com.ar\/index.php?rest_route=%2Fwp%2Fv2%2Fproduct_tag&post=2601"}],"curies":[{"name":"wp","href":"https:\/\/api.w.org\/{rel}","templated":true}]}}