{"id":2829,"date":"2021-09-22T12:32:19","date_gmt":"2021-09-22T12:32:19","guid":{"rendered":"https:\/\/somoskhepri.com.ar\/?post_type=product&#038;p=2829"},"modified":"2026-04-07T16:50:29","modified_gmt":"2026-04-07T16:50:29","slug":"tarjetas-para-cadenas-y-collares-10x10-x50u","status":"publish","type":"product","link":"https:\/\/somoskhepri.com.ar\/?product=tarjetas-para-cadenas-y-collares-10x10-x50u","title":{"rendered":"TAGS CADENAS\/COLLARES 10X10"},"content":{"rendered":"<p><strong>\u00bfC\u00f3mo avanzar con tu pedido?<\/strong><\/p>\n<p>Una vez que realices tu compra nos pondremos en contacto con vos v\u00eda e-mail para solicitarte la informaci\u00f3n necesaria para armar tu pedido:<\/p>\n<p>* logo: formato ideal png, PDF, Corel o Illustrator. Otros formatos no garantizan la calidad de la imagen.<\/p>\n<p>* redes sociales que quieras incluir<\/p>\n<p>&nbsp;<\/p>\n<p>Se te enviar\u00e1 un boceto digital para que puedas corroborar que est\u00e9 todo ok. Una vez que nos lo confirmes, lo enviamos a taller.<\/p>\n<p>&nbsp;<\/p>\n","protected":false},"excerpt":{"rendered":"<p>Tarjetas para cadenas y colgantes<\/p>\n<p>Incluye cortes en las diagonales superiores y terminaci\u00f3n con perforaci\u00f3n para que calce c\u00f3modamente tu producto<\/p>\n<p>Confeccionadas en papel ilustraci\u00f3n 300grs. Impresi\u00f3n full color simple faz.<\/p>\n<p>Opcionales: perforaci\u00f3n para colgarlas de 3 o 6mm.<\/p>\n<p>puntas redondeadas (con costo adicional)<\/p>\n<p>Tu logo y redes sociales (no incluye dise\u00f1o de logo)<\/p>\n<p>&nbsp;<\/p>\n<p>&nbsp;<\/p>\n","protected":false},"featured_media":2830,"comment_status":"open","ping_status":"closed","template":"","meta":[],"product_brand":[],"product_cat":[87],"product_tag":[35,88,34,33],"class_list":{"0":"post-2829","1":"product","2":"type-product","3":"status-publish","4":"has-post-thumbnail","6":"product_cat-especial-joyeria","7":"product_tag-etiquetas","8":"product_tag-joyeria","9":"product_tag-tag","10":"product_tag-tags","12":"first","13":"instock","14":"shipping-taxable","15":"purchasable","16":"product-type-variable"},"_links":{"self":[{"href":"https:\/\/somoskhepri.com.ar\/index.php?rest_route=\/wp\/v2\/product\/2829","targetHints":{"allow":["GET"]}}],"collection":[{"href":"https:\/\/somoskhepri.com.ar\/index.php?rest_route=\/wp\/v2\/product"}],"about":[{"href":"https:\/\/somoskhepri.com.ar\/index.php?rest_route=\/wp\/v2\/types\/product"}],"replies":[{"embeddable":true,"href":"https:\/\/somoskhepri.com.ar\/index.php?rest_route=%2Fwp%2Fv2%2Fcomments&post=2829"}],"wp:featuredmedia":[{"embeddable":true,"href":"https:\/\/somoskhepri.com.ar\/index.php?rest_route=\/wp\/v2\/media\/2830"}],"wp:attachment":[{"href":"https:\/\/somoskhepri.com.ar\/index.php?rest_route=%2Fwp%2Fv2%2Fmedia&parent=2829"}],"wp:term":[{"taxonomy":"product_brand","embeddable":true,"href":"https:\/\/somoskhepri.com.ar\/index.php?rest_route=%2Fwp%2Fv2%2Fproduct_brand&post=2829"},{"taxonomy":"product_cat","embeddable":true,"href":"https:\/\/somoskhepri.com.ar\/index.php?rest_route=%2Fwp%2Fv2%2Fproduct_cat&post=2829"},{"taxonomy":"product_tag","embeddable":true,"href":"https:\/\/somoskhepri.com.ar\/index.php?rest_route=%2Fwp%2Fv2%2Fproduct_tag&post=2829"}],"curies":[{"name":"wp","href":"https:\/\/api.w.org\/{rel}","templated":true}]}}