{"id":2856,"date":"2021-10-03T15:43:19","date_gmt":"2021-10-03T15:43:19","guid":{"rendered":"https:\/\/somoskhepri.com.ar\/?post_type=product&#038;p=2856"},"modified":"2025-11-12T18:39:23","modified_gmt":"2025-11-12T18:39:23","slug":"tags-gracias-por-tu-compra-x24","status":"publish","type":"product","link":"https:\/\/somoskhepri.com.ar\/?product=tags-gracias-por-tu-compra-x24","title":{"rendered":"Tags GRACIAS POR TU COMPRA x24"},"content":{"rendered":"","protected":false},"excerpt":{"rendered":"<p>Etiquetas listas para colgar!<\/p>\n<p>Confeccionadas en papel ilustraci\u00f3n 300grs. Impresi\u00f3n full color simple faz. Con perforaci\u00f3n de 3mm<\/p>\n<p>Incluye hilo!<\/p>\n<p>Dise\u00f1o no editable.<\/p>\n<p>Opcional: ojalillos met\u00e1licos (con costo adicional)<\/p>\n<p>&nbsp;<\/p>\n","protected":false},"featured_media":2859,"comment_status":"open","ping_status":"closed","template":"","meta":[],"product_brand":[],"product_cat":[47,69],"product_tag":[80,81,82,35,79,78,34,33],"class_list":{"0":"post-2856","1":"product","2":"type-product","3":"status-publish","4":"has-post-thumbnail","6":"product_cat-etiquetas","7":"product_cat-packaging","8":"product_tag-cumpleanos","9":"product_tag-diadelamadre","10":"product_tag-diadelmaestro","11":"product_tag-etiquetas","12":"product_tag-eventos","13":"product_tag-felizdia","14":"product_tag-tag","15":"product_tag-tags","17":"first","18":"instock","19":"shipping-taxable","20":"purchasable","21":"product-type-simple"},"_links":{"self":[{"href":"https:\/\/somoskhepri.com.ar\/index.php?rest_route=\/wp\/v2\/product\/2856","targetHints":{"allow":["GET"]}}],"collection":[{"href":"https:\/\/somoskhepri.com.ar\/index.php?rest_route=\/wp\/v2\/product"}],"about":[{"href":"https:\/\/somoskhepri.com.ar\/index.php?rest_route=\/wp\/v2\/types\/product"}],"replies":[{"embeddable":true,"href":"https:\/\/somoskhepri.com.ar\/index.php?rest_route=%2Fwp%2Fv2%2Fcomments&post=2856"}],"wp:featuredmedia":[{"embeddable":true,"href":"https:\/\/somoskhepri.com.ar\/index.php?rest_route=\/wp\/v2\/media\/2859"}],"wp:attachment":[{"href":"https:\/\/somoskhepri.com.ar\/index.php?rest_route=%2Fwp%2Fv2%2Fmedia&parent=2856"}],"wp:term":[{"taxonomy":"product_brand","embeddable":true,"href":"https:\/\/somoskhepri.com.ar\/index.php?rest_route=%2Fwp%2Fv2%2Fproduct_brand&post=2856"},{"taxonomy":"product_cat","embeddable":true,"href":"https:\/\/somoskhepri.com.ar\/index.php?rest_route=%2Fwp%2Fv2%2Fproduct_cat&post=2856"},{"taxonomy":"product_tag","embeddable":true,"href":"https:\/\/somoskhepri.com.ar\/index.php?rest_route=%2Fwp%2Fv2%2Fproduct_tag&post=2856"}],"curies":[{"name":"wp","href":"https:\/\/api.w.org\/{rel}","templated":true}]}}