{"id":2943,"date":"2022-01-13T11:27:42","date_gmt":"2022-01-13T11:27:42","guid":{"rendered":"https:\/\/somoskhepri.com.ar\/?post_type=product&#038;p=2943"},"modified":"2025-10-03T08:47:22","modified_gmt":"2025-10-03T08:47:22","slug":"mini-pack-emprendedor-7x5","status":"publish","type":"product","link":"https:\/\/somoskhepri.com.ar\/?product=mini-pack-emprendedor-7x5","title":{"rendered":"MINI Pack emprendedor 7&#215;5 50\/50\/50"},"content":{"rendered":"<p><strong>\u00bfC\u00f3mo avanzar con tu pedido?<\/strong><\/p>\n<p>Una vez que realices tu compra nos pondremos en contacto con vos v\u00eda e-mail para solicitarte la informaci\u00f3n necesaria para armar tu pedido:<\/p>\n<p>* logo: formato ideal png, PDF, Corel o Illustrator. Otros formatos no garantizan la calidad de la imagen.<\/p>\n<p>* redes sociales que quieras incluir<\/p>\n<p>&nbsp;<\/p>\n<p>Se te enviar\u00e1 un boceto digital para que puedas corroborar que est\u00e9 todo ok. Una vez que nos lo confirmes, lo enviamos a taller.<\/p>\n<p>Tiempo de elaboraci\u00f3n aprox: 10\/12 d\u00edas habiles una vez aprobado el boceto<\/p>\n","protected":false},"excerpt":{"rendered":"<p>Mini Pack con variedad de productos para personalizar tu packaging. Incluye<\/p>\n<p>50 tags medida 7&#215;5<\/p>\n<p>50 cierrabolsas medida 3&#215;9<\/p>\n<p>50 stickers circulares de 4 cmtrs de di\u00e1metro<\/p>\n<p>&nbsp;<\/p>\n<p>Tags confeccionadas en papel ilustraci\u00f3n 300grs. Impresi\u00f3n full color simple faz. Con perforaci\u00f3n de 3 o 6mm.<\/p>\n<p>Cierrabolsas y stickers impresas en papel adhesivo.<\/p>\n<p>Incluye tu logo y redes sociales (no incluye dise\u00f1o de logo)<\/p>\n<p>Opcional: ojalillos met\u00e1licos (con costo adicional)<\/p>\n<p>&nbsp;<\/p>\n","protected":false},"featured_media":1515,"comment_status":"open","ping_status":"closed","template":"","meta":[],"product_brand":[],"product_cat":[48],"product_tag":[37,35,38,36,34,33],"class_list":{"0":"post-2943","1":"product","2":"type-product","3":"status-publish","4":"has-post-thumbnail","6":"product_cat-packs-emprendedores","7":"product_tag-cierrabolsas","8":"product_tag-etiquetas","9":"product_tag-packaging","10":"product_tag-sticker","11":"product_tag-tag","12":"product_tag-tags","14":"first","15":"instock","16":"shipping-taxable","17":"purchasable","18":"product-type-simple"},"_links":{"self":[{"href":"https:\/\/somoskhepri.com.ar\/index.php?rest_route=\/wp\/v2\/product\/2943","targetHints":{"allow":["GET"]}}],"collection":[{"href":"https:\/\/somoskhepri.com.ar\/index.php?rest_route=\/wp\/v2\/product"}],"about":[{"href":"https:\/\/somoskhepri.com.ar\/index.php?rest_route=\/wp\/v2\/types\/product"}],"replies":[{"embeddable":true,"href":"https:\/\/somoskhepri.com.ar\/index.php?rest_route=%2Fwp%2Fv2%2Fcomments&post=2943"}],"wp:featuredmedia":[{"embeddable":true,"href":"https:\/\/somoskhepri.com.ar\/index.php?rest_route=\/wp\/v2\/media\/1515"}],"wp:attachment":[{"href":"https:\/\/somoskhepri.com.ar\/index.php?rest_route=%2Fwp%2Fv2%2Fmedia&parent=2943"}],"wp:term":[{"taxonomy":"product_brand","embeddable":true,"href":"https:\/\/somoskhepri.com.ar\/index.php?rest_route=%2Fwp%2Fv2%2Fproduct_brand&post=2943"},{"taxonomy":"product_cat","embeddable":true,"href":"https:\/\/somoskhepri.com.ar\/index.php?rest_route=%2Fwp%2Fv2%2Fproduct_cat&post=2943"},{"taxonomy":"product_tag","embeddable":true,"href":"https:\/\/somoskhepri.com.ar\/index.php?rest_route=%2Fwp%2Fv2%2Fproduct_tag&post=2943"}],"curies":[{"name":"wp","href":"https:\/\/api.w.org\/{rel}","templated":true}]}}