{"id":3400,"date":"2023-04-04T18:39:49","date_gmt":"2023-04-04T18:39:49","guid":{"rendered":"https:\/\/somoskhepri.com.ar\/?post_type=product&#038;p=3400"},"modified":"2026-04-07T15:55:31","modified_gmt":"2026-04-07T15:55:31","slug":"bolsa-de-papel-10x10x55-c-cinta-de-raso-x30-unidades","status":"publish","type":"product","link":"https:\/\/somoskhepri.com.ar\/?product=bolsa-de-papel-10x10x55-c-cinta-de-raso-x30-unidades","title":{"rendered":"BOLSA DE PAPEL 10X10X5,5 MANIJA DE RASO"},"content":{"rendered":"","protected":false},"excerpt":{"rendered":"<p><span style=\"color: #ff0000;\"><em><strong>10% off abonando con transferencia bancaria o env\u00edo de dinero de MP<\/strong><\/em><\/span><\/p>\n<p>Tu emprendimiento se merece un packaging que enamore!!! y estas bolsas de papel son el complemento ideal!!!<\/p>\n<p>Medidas:<\/p>\n<p>Ancho: 10 cmtrs<\/p>\n<p>Alto: 10 cmtrs<\/p>\n<p>Espesor (fuelle): 5,5 cmtrs<\/p>\n<p>Confeccionadas en opalina 180 grs<\/p>\n<p>Area de manijas reforzada para mayor resistencia<\/p>\n<p>Manijas de cinta de raso tono a elecci\u00f3n seg\u00fan cat\u00e1logo<\/p>\n<p>Incluyen tu logo, datos de contacto y como opcional, dise\u00f1o en los laterales adaptado a tu paleta de colores<\/p>\n<p>&nbsp;<\/p>\n<p>&nbsp;<\/p>\n","protected":false},"featured_media":3403,"comment_status":"open","ping_status":"closed","template":"","meta":[],"product_brand":[],"product_cat":[131,87],"product_tag":[132,133],"class_list":{"0":"post-3400","1":"product","2":"type-product","3":"status-publish","4":"has-post-thumbnail","6":"product_cat-bolsas-de-papel","7":"product_cat-especial-joyeria","8":"product_tag-bolsas","9":"product_tag-bolsasdepapel","11":"first","12":"instock","13":"shipping-taxable","14":"purchasable","15":"product-type-variable"},"_links":{"self":[{"href":"https:\/\/somoskhepri.com.ar\/index.php?rest_route=\/wp\/v2\/product\/3400","targetHints":{"allow":["GET"]}}],"collection":[{"href":"https:\/\/somoskhepri.com.ar\/index.php?rest_route=\/wp\/v2\/product"}],"about":[{"href":"https:\/\/somoskhepri.com.ar\/index.php?rest_route=\/wp\/v2\/types\/product"}],"replies":[{"embeddable":true,"href":"https:\/\/somoskhepri.com.ar\/index.php?rest_route=%2Fwp%2Fv2%2Fcomments&post=3400"}],"wp:featuredmedia":[{"embeddable":true,"href":"https:\/\/somoskhepri.com.ar\/index.php?rest_route=\/wp\/v2\/media\/3403"}],"wp:attachment":[{"href":"https:\/\/somoskhepri.com.ar\/index.php?rest_route=%2Fwp%2Fv2%2Fmedia&parent=3400"}],"wp:term":[{"taxonomy":"product_brand","embeddable":true,"href":"https:\/\/somoskhepri.com.ar\/index.php?rest_route=%2Fwp%2Fv2%2Fproduct_brand&post=3400"},{"taxonomy":"product_cat","embeddable":true,"href":"https:\/\/somoskhepri.com.ar\/index.php?rest_route=%2Fwp%2Fv2%2Fproduct_cat&post=3400"},{"taxonomy":"product_tag","embeddable":true,"href":"https:\/\/somoskhepri.com.ar\/index.php?rest_route=%2Fwp%2Fv2%2Fproduct_tag&post=3400"}],"curies":[{"name":"wp","href":"https:\/\/api.w.org\/{rel}","templated":true}]}}