{"id":3455,"date":"2023-06-03T16:08:08","date_gmt":"2023-06-03T16:08:08","guid":{"rendered":"https:\/\/somoskhepri.com.ar\/?post_type=product&#038;p=3455"},"modified":"2025-10-03T08:45:24","modified_gmt":"2025-10-03T08:45:24","slug":"cajas-6x6x25-personalizadas-tapa-desmontable-x30u","status":"publish","type":"product","link":"https:\/\/somoskhepri.com.ar\/?product=cajas-6x6x25-personalizadas-tapa-desmontable-x30u","title":{"rendered":"CAJAS 6X6X2,5 PERSONALIZADAS (TAPA DESMONTABLE) x30u"},"content":{"rendered":"<p>C\u00f3mo avanzar con tu pedido?<\/p>\n<p>Una vez que realices tu compra nos contactaremos via e-mail para solicitarte tu logo y datos de contacto que quieras agregar<\/p>\n<p>FORMATOS DE LOGO: png, pdf, corel o illustrator (por favor verific\u00e1 que la calidad de la imagen sea buena). No tomamos screenshot, ni fotos, ni jpg<\/p>\n<p>Antes de enviar a taller, te enviaremos un boceto digital para que veas c\u00f3mo quedar\u00eda.<\/p>\n<p>Una vez que nos lo apruebes, mandamos a taller para comenzar producci\u00f3n<\/p>\n","protected":false},"excerpt":{"rendered":"<p><span style=\"color: #ff0000;\"><em><strong>10% off abonando con transferencia bancaria o env\u00edo de dinero de MP<\/strong><\/em><\/span><\/p>\n<p>Estas cajitas son el complemento ideal para hacer lucir tu producto en un packaging que lo acompa\u00f1e<\/p>\n<p>Presenta y contiene tu producto<\/p>\n<p>&nbsp;<\/p>\n<p>Modelo: tapa desmontable<\/p>\n<p>Medidas: 6x6x2,5cmtrs<\/p>\n<p>Impresi\u00f3n full color. Tu logo y redes<\/p>\n<p>Opalina 300grs<\/p>\n<p>Opcional laminado mate o brillante (consultar costo adicional)<\/p>\n<p>Pack por 30 unidades<\/p>\n<p>&nbsp;<\/p>\n<p>Al tratarse de un producto personalizado requiere tiempo de elaboraci\u00f3n (10\/12 d\u00edas h\u00e1biles una vez aprobado el boceto. Si son mas de 30 unidades, puede llevar unos d\u00edas m\u00e1s)<\/p>\n<p>&nbsp;<\/p>\n<p>Ante cualquier duda escribinos antes de realizar tu compra<\/p>\n<p>&nbsp;<\/p>\n<p>&nbsp;<\/p>\n","protected":false},"featured_media":3456,"comment_status":"open","ping_status":"closed","template":"","meta":[],"product_brand":[],"product_cat":[119,87],"product_tag":[139,89,138,88,38],"class_list":{"0":"post-3455","1":"product","2":"type-product","3":"status-publish","4":"has-post-thumbnail","6":"product_cat-cajas","7":"product_cat-especial-joyeria","8":"product_tag-box","9":"product_tag-cajas","10":"product_tag-cajaspersonalizadas","11":"product_tag-joyeria","12":"product_tag-packaging","14":"first","15":"instock","16":"shipping-taxable","17":"purchasable","18":"product-type-variable"},"_links":{"self":[{"href":"https:\/\/somoskhepri.com.ar\/index.php?rest_route=\/wp\/v2\/product\/3455","targetHints":{"allow":["GET"]}}],"collection":[{"href":"https:\/\/somoskhepri.com.ar\/index.php?rest_route=\/wp\/v2\/product"}],"about":[{"href":"https:\/\/somoskhepri.com.ar\/index.php?rest_route=\/wp\/v2\/types\/product"}],"replies":[{"embeddable":true,"href":"https:\/\/somoskhepri.com.ar\/index.php?rest_route=%2Fwp%2Fv2%2Fcomments&post=3455"}],"wp:featuredmedia":[{"embeddable":true,"href":"https:\/\/somoskhepri.com.ar\/index.php?rest_route=\/wp\/v2\/media\/3456"}],"wp:attachment":[{"href":"https:\/\/somoskhepri.com.ar\/index.php?rest_route=%2Fwp%2Fv2%2Fmedia&parent=3455"}],"wp:term":[{"taxonomy":"product_brand","embeddable":true,"href":"https:\/\/somoskhepri.com.ar\/index.php?rest_route=%2Fwp%2Fv2%2Fproduct_brand&post=3455"},{"taxonomy":"product_cat","embeddable":true,"href":"https:\/\/somoskhepri.com.ar\/index.php?rest_route=%2Fwp%2Fv2%2Fproduct_cat&post=3455"},{"taxonomy":"product_tag","embeddable":true,"href":"https:\/\/somoskhepri.com.ar\/index.php?rest_route=%2Fwp%2Fv2%2Fproduct_tag&post=3455"}],"curies":[{"name":"wp","href":"https:\/\/api.w.org\/{rel}","templated":true}]}}