{"id":3988,"date":"2025-04-20T16:04:08","date_gmt":"2025-04-20T16:04:08","guid":{"rendered":"https:\/\/somoskhepri.com.ar\/?post_type=product&#038;p=3988"},"modified":"2025-10-03T08:34:50","modified_gmt":"2025-10-03T08:34:50","slug":"confeti-corazones-con-glitter-negro","status":"publish","type":"product","link":"https:\/\/somoskhepri.com.ar\/?product=confeti-corazones-con-glitter-negro","title":{"rendered":"CONFETI CORAZONES CON GLITTER"},"content":{"rendered":"","protected":false},"excerpt":{"rendered":"<div class=\"overflow-x-auto relative\" dir=\"auto\">\n<p><span style=\"color: #ff0000;\"><em><strong>10% off abonando con transferencia bancaria o env\u00edo de dinero de MP<\/strong><\/em><\/span><\/p>\n<p>Dale un toque especial a tus packaging con nuestro hermoso confeti de corazones de goma eva. Perfecto para tu packaging, y por que no, todo tipo de ocasiones, bodas, aniversarios, cumplea\u00f1os o cualquier celebraci\u00f3n en la que desees expresar amor y alegr\u00eda.<\/p>\n<\/div>\n<div class=\"overflow-x-auto relative\" dir=\"auto\">\n<div>\n<p>Cada coraz\u00f3n est\u00e1 cuidadosamente cortado en goma eva glitter de alta calidad, lo que garantiza durabilidad y un acabado suave al tacto. Mas de 300 corazoncitos en dos medidas\u00a0 (1 y 2 cmtrs) para que todo combine y mantenga armon\u00eda. Disponibles en variedad de colores vibrantes.<\/p>\n<\/div>\n<\/div>\n<div class=\"overflow-x-auto relative\" dir=\"auto\">\n<div>\n<p>Con nuestro confeti de corazones, transformar\u00e1s cualquier packaging en una experiencia memorable y llena de cari\u00f1o. \u00a1Haz que tus env\u00edos destaquen y dejen una huella en el coraz\u00f3n de tus clientes!<\/p>\n<\/div>\n<p>Los detalles son todo!<\/p>\n<\/div>\n","protected":false},"featured_media":3977,"comment_status":"open","ping_status":"closed","template":"","meta":[],"product_brand":[],"product_cat":[69,106],"product_tag":[141,140,38],"class_list":{"0":"post-3988","1":"product","2":"type-product","3":"status-publish","4":"has-post-thumbnail","6":"product_cat-packaging","7":"product_cat-insumos","8":"product_tag-confeti","9":"product_tag-corazones","10":"product_tag-packaging","12":"first","13":"instock","14":"shipping-taxable","15":"purchasable","16":"product-type-variable"},"_links":{"self":[{"href":"https:\/\/somoskhepri.com.ar\/index.php?rest_route=\/wp\/v2\/product\/3988","targetHints":{"allow":["GET"]}}],"collection":[{"href":"https:\/\/somoskhepri.com.ar\/index.php?rest_route=\/wp\/v2\/product"}],"about":[{"href":"https:\/\/somoskhepri.com.ar\/index.php?rest_route=\/wp\/v2\/types\/product"}],"replies":[{"embeddable":true,"href":"https:\/\/somoskhepri.com.ar\/index.php?rest_route=%2Fwp%2Fv2%2Fcomments&post=3988"}],"wp:featuredmedia":[{"embeddable":true,"href":"https:\/\/somoskhepri.com.ar\/index.php?rest_route=\/wp\/v2\/media\/3977"}],"wp:attachment":[{"href":"https:\/\/somoskhepri.com.ar\/index.php?rest_route=%2Fwp%2Fv2%2Fmedia&parent=3988"}],"wp:term":[{"taxonomy":"product_brand","embeddable":true,"href":"https:\/\/somoskhepri.com.ar\/index.php?rest_route=%2Fwp%2Fv2%2Fproduct_brand&post=3988"},{"taxonomy":"product_cat","embeddable":true,"href":"https:\/\/somoskhepri.com.ar\/index.php?rest_route=%2Fwp%2Fv2%2Fproduct_cat&post=3988"},{"taxonomy":"product_tag","embeddable":true,"href":"https:\/\/somoskhepri.com.ar\/index.php?rest_route=%2Fwp%2Fv2%2Fproduct_tag&post=3988"}],"curies":[{"name":"wp","href":"https:\/\/api.w.org\/{rel}","templated":true}]}}