{"id":4280,"date":"2025-11-11T14:06:38","date_gmt":"2025-11-11T14:06:38","guid":{"rendered":"https:\/\/somoskhepri.com.ar\/?post_type=product&#038;p=4280"},"modified":"2025-11-18T11:22:31","modified_gmt":"2025-11-18T11:22:31","slug":"4280","status":"publish","type":"product","link":"https:\/\/somoskhepri.com.ar\/?product=4280","title":{"rendered":"TARJETA NAVIDAD DESCARGABLE"},"content":{"rendered":"","protected":false},"excerpt":{"rendered":"<p data-start=\"395\" data-end=\"606\"><span style=\"color: #ff0000;\"><em><strong>10% off abonando con transferencia bancaria o env\u00edo de dinero de MP<\/strong><\/em><\/span><\/p>\n<p data-start=\"395\" data-end=\"606\">Celebra la magia de la Navidad con este recurso digital listo para usar.<br data-start=\"467\" data-end=\"470\" \/>Descarga el archivo en formato <strong data-start=\"501\" data-end=\"507\">A4<\/strong>, imprime desde casa y recorta tus <strong data-start=\"542\" data-end=\"564\">tarjetas navide\u00f1as<\/strong> para regalar o acompa\u00f1ar tus obsequios.<\/p>\n<p data-start=\"608\" data-end=\"625\"><strong data-start=\"611\" data-end=\"623\">Incluye:<\/strong><\/p>\n<ul data-start=\"626\" data-end=\"823\">\n<li data-start=\"626\" data-end=\"689\">\n<p data-start=\"628\" data-end=\"689\">Archivo digital en formato <strong data-start=\"655\" data-end=\"687\">PDF listo para imprimir (A4)<\/strong><\/p>\n<\/li>\n<li data-start=\"690\" data-end=\"734\">\n<p data-start=\"692\" data-end=\"734\">Dise\u00f1os original tem\u00e1tica navide\u00f1a<\/p>\n<\/li>\n<li data-start=\"690\" data-end=\"734\">Tama\u00f1o de cada tarjeta 10&#215;7<\/li>\n<li data-start=\"690\" data-end=\"734\">Dise\u00f1o NO editable<\/li>\n<li data-start=\"772\" data-end=\"823\">\n<p data-start=\"774\" data-end=\"823\">Ideal para imprimir en cartulina o papel grueso<\/p>\n<\/li>\n<\/ul>\n<p data-start=\"825\" data-end=\"935\">No necesitas esperar env\u00edos: <strong data-start=\"854\" data-end=\"878\">descarga al instante<\/strong>, imprime y llena tus regalos de esp\u00edritu navide\u00f1o. \u2728<\/p>\n","protected":false},"featured_media":4282,"comment_status":"open","ping_status":"closed","template":"","meta":[],"product_brand":[],"product_cat":[183,68,69],"product_tag":[],"class_list":{"0":"post-4280","1":"product","2":"type-product","3":"status-publish","4":"has-post-thumbnail","6":"product_cat-recursos-digitales-descarga-e-imprimi","7":"product_cat-ocasiones-especiales","8":"product_cat-packaging","10":"first","11":"instock","12":"downloadable","13":"shipping-taxable","14":"purchasable","15":"product-type-simple"},"_links":{"self":[{"href":"https:\/\/somoskhepri.com.ar\/index.php?rest_route=\/wp\/v2\/product\/4280","targetHints":{"allow":["GET"]}}],"collection":[{"href":"https:\/\/somoskhepri.com.ar\/index.php?rest_route=\/wp\/v2\/product"}],"about":[{"href":"https:\/\/somoskhepri.com.ar\/index.php?rest_route=\/wp\/v2\/types\/product"}],"replies":[{"embeddable":true,"href":"https:\/\/somoskhepri.com.ar\/index.php?rest_route=%2Fwp%2Fv2%2Fcomments&post=4280"}],"wp:featuredmedia":[{"embeddable":true,"href":"https:\/\/somoskhepri.com.ar\/index.php?rest_route=\/wp\/v2\/media\/4282"}],"wp:attachment":[{"href":"https:\/\/somoskhepri.com.ar\/index.php?rest_route=%2Fwp%2Fv2%2Fmedia&parent=4280"}],"wp:term":[{"taxonomy":"product_brand","embeddable":true,"href":"https:\/\/somoskhepri.com.ar\/index.php?rest_route=%2Fwp%2Fv2%2Fproduct_brand&post=4280"},{"taxonomy":"product_cat","embeddable":true,"href":"https:\/\/somoskhepri.com.ar\/index.php?rest_route=%2Fwp%2Fv2%2Fproduct_cat&post=4280"},{"taxonomy":"product_tag","embeddable":true,"href":"https:\/\/somoskhepri.com.ar\/index.php?rest_route=%2Fwp%2Fv2%2Fproduct_tag&post=4280"}],"curies":[{"name":"wp","href":"https:\/\/api.w.org\/{rel}","templated":true}]}}