{"id":4339,"date":"2025-12-25T17:23:31","date_gmt":"2025-12-25T17:23:31","guid":{"rendered":"https:\/\/somoskhepri.com.ar\/?post_type=product&#038;p=4339"},"modified":"2025-12-25T17:29:59","modified_gmt":"2025-12-25T17:29:59","slug":"stickers-uv-plancha-a4","status":"publish","type":"product","link":"https:\/\/somoskhepri.com.ar\/?product=stickers-uv-plancha-a4","title":{"rendered":"STICKERS UV &#8211; PLANCHA A4 (20x29cmtrs)"},"content":{"rendered":"<p><strong>\u00bfC\u00f3mo avanzar con tu pedido?<\/strong><\/p>\n<p>Una vez que realices tu compra nos pondremos en contacto con vos v\u00eda e-mail para solicitarte la informaci\u00f3n necesaria para armar tu pedido:<\/p>\n<p>* logo: formato PDF, Corel o Illustrator. Otros formatos no garantizan la calidad de la imagen. Fondo transparente<\/p>\n<p>Tiempo de elaboraci\u00f3n aprox: 7 d\u00edas habiles una vez aprobado el boceto<\/p>\n","protected":false},"excerpt":{"rendered":"<div dir=\"auto\"><img decoding=\"async\" class=\"an1\" draggable=\"false\" src=\"https:\/\/fonts.gstatic.com\/s\/e\/notoemoji\/16.0\/2728\/32.png\" alt=\"&#x2728;\" data-emoji=\"&#x2728;\" aria-label=\"&#x2728;\" \/>\u00a0Stickers DTF UV \u2013 Planchas listas para personalizar\u00a0<img decoding=\"async\" class=\"an1\" draggable=\"false\" src=\"https:\/\/fonts.gstatic.com\/s\/e\/notoemoji\/16.0\/2728\/32.png\" alt=\"&#x2728;\" data-emoji=\"&#x2728;\" aria-label=\"&#x2728;\" \/><\/div>\n<div dir=\"auto\"><\/div>\n<div dir=\"auto\">La soluci\u00f3n ideal para personalizar productos de forma r\u00e1pida, prolija y profesional, sin necesidad de m\u00e1quinas ni conocimientos t\u00e9cnicos.<\/div>\n<div dir=\"auto\"><\/div>\n<div dir=\"auto\"><img decoding=\"async\" class=\"an1\" draggable=\"false\" src=\"https:\/\/fonts.gstatic.com\/s\/e\/notoemoji\/16.0\/1f50d\/32.png\" alt=\"&#x1f50d;\" data-emoji=\"&#x1f50d;\" aria-label=\"&#x1f50d;\" \/>\u00a0\u00bfQu\u00e9 son?<\/div>\n<div dir=\"auto\">Son stickers autoadhesivos de alta calidad, impresos con tecnolog\u00eda DTF UV, que se transfieren f\u00e1cilmente a superficies r\u00edgidas, logrando un acabado brillante, resistente y premium.<\/div>\n<div dir=\"auto\"><\/div>\n<div dir=\"auto\"><img decoding=\"async\" class=\"an1\" draggable=\"false\" src=\"https:\/\/fonts.gstatic.com\/s\/e\/notoemoji\/16.0\/2714_fe0f\/32.png\" alt=\"&#x2714;&#xfe0f;\" data-emoji=\"&#x2714;&#xfe0f;\" aria-label=\"&#x2714;&#xfe0f;\" \/>\u00a0Colores intensos y definidos<\/div>\n<div dir=\"auto\"><img decoding=\"async\" class=\"an1\" draggable=\"false\" src=\"https:\/\/fonts.gstatic.com\/s\/e\/notoemoji\/16.0\/2714_fe0f\/32.png\" alt=\"&#x2714;&#xfe0f;\" data-emoji=\"&#x2714;&#xfe0f;\" aria-label=\"&#x2714;&#xfe0f;\" \/>\u00a0Relieve suave al tacto (efecto premium)<\/div>\n<div dir=\"auto\"><img decoding=\"async\" class=\"an1\" draggable=\"false\" src=\"https:\/\/fonts.gstatic.com\/s\/e\/notoemoji\/16.0\/2714_fe0f\/32.png\" alt=\"&#x2714;&#xfe0f;\" data-emoji=\"&#x2714;&#xfe0f;\" aria-label=\"&#x2714;&#xfe0f;\" \/>\u00a0S\u00faper resistentes al agua y al uso<\/div>\n<div dir=\"auto\"><img decoding=\"async\" class=\"an1\" draggable=\"false\" src=\"https:\/\/fonts.gstatic.com\/s\/e\/notoemoji\/16.0\/2714_fe0f\/32.png\" alt=\"&#x2714;&#xfe0f;\" data-emoji=\"&#x2714;&#xfe0f;\" aria-label=\"&#x2714;&#xfe0f;\" \/>\u00a0No se despegan ni se borran<\/div>\n<div dir=\"auto\"><img decoding=\"async\" class=\"an1\" draggable=\"false\" src=\"https:\/\/fonts.gstatic.com\/s\/e\/notoemoji\/16.0\/2714_fe0f\/32.png\" alt=\"&#x2714;&#xfe0f;\" data-emoji=\"&#x2714;&#xfe0f;\" aria-label=\"&#x2714;&#xfe0f;\" \/>\u00a0No requieren calor ni plancha<\/div>\n<div dir=\"auto\"><img decoding=\"async\" class=\"an1\" draggable=\"false\" src=\"https:\/\/fonts.gstatic.com\/s\/e\/notoemoji\/16.0\/2714_fe0f\/32.png\" alt=\"&#x2714;&#xfe0f;\" data-emoji=\"&#x2714;&#xfe0f;\" aria-label=\"&#x2714;&#xfe0f;\" \/>\u00a0F\u00e1cil aplicaci\u00f3n en segundos<\/div>\n<div dir=\"auto\"><\/div>\n<div dir=\"auto\"><img decoding=\"async\" class=\"an1\" draggable=\"false\" src=\"https:\/\/fonts.gstatic.com\/s\/e\/notoemoji\/16.0\/1f6e0_fe0f\/32.png\" alt=\"&#x1f6e0;&#xfe0f;\" data-emoji=\"&#x1f6e0;&#xfe0f;\" aria-label=\"&#x1f6e0;&#xfe0f;\" \/>\u00a0\u00bfPara qu\u00e9 sirven?<\/div>\n<div dir=\"auto\">Sirven para personalizar productos de manera profesional, ideal para:<\/div>\n<div dir=\"auto\">Emprendimientos<\/div>\n<div dir=\"auto\">Packaging personalizado<\/div>\n<div dir=\"auto\">Regalos corporativos<\/div>\n<div dir=\"auto\">Marcas que quieren sumar valor sin grandes costos<\/div>\n<div dir=\"auto\"><\/div>\n<div dir=\"auto\"><img decoding=\"async\" class=\"an1\" draggable=\"false\" src=\"https:\/\/fonts.gstatic.com\/s\/e\/notoemoji\/16.0\/1f3af\/32.png\" alt=\"&#x1f3af;\" data-emoji=\"&#x1f3af;\" aria-label=\"&#x1f3af;\" \/>\u00a0Usos recomendados<\/div>\n<div dir=\"auto\">Pod\u00e9s aplicarlos sobre:<\/div>\n<div dir=\"auto\">Frascos y botellas<\/div>\n<div dir=\"auto\">Latas<\/div>\n<div dir=\"auto\">Tazas, termos y mates<\/div>\n<div dir=\"auto\">Velas<\/div>\n<div dir=\"auto\">Cosm\u00e9tica<\/div>\n<div dir=\"auto\">Art\u00edculos de bazar<\/div>\n<div dir=\"auto\">Regalos personalizados<\/div>\n<div dir=\"auto\">(Aptos para superficies lisas y r\u00edgidas como vidrio, pl\u00e1stico, acr\u00edlico, metal y madera tratada)<\/div>\n<div dir=\"auto\"><\/div>\n<div dir=\"auto\"><img decoding=\"async\" class=\"an1\" draggable=\"false\" src=\"https:\/\/fonts.gstatic.com\/s\/e\/notoemoji\/16.0\/1f4a1\/32.png\" alt=\"&#x1f4a1;\" data-emoji=\"&#x1f4a1;\" aria-label=\"&#x1f4a1;\" \/>\u00a0Perfectas para emprendedoras que quieren ofrecer productos personalizados sin invertir en maquinaria.<\/div>\n<div dir=\"auto\">Podes incluir todos los dise\u00f1os y tama\u00f1os que quieras!<\/div>\n<div dir=\"auto\">(es necesario que el archivo que nos envies sea editable o con fondo transparente<\/div>\n<div dir=\"auto\">Impresion full color (incluso blanco o transparente)<\/div>\n","protected":false},"featured_media":4335,"comment_status":"open","ping_status":"closed","template":"","meta":[],"product_brand":[],"product_cat":[142,185],"product_tag":[186,187,188],"class_list":{"0":"post-4339","1":"product","2":"type-product","3":"status-publish","4":"has-post-thumbnail","6":"product_cat-packaging-premium","7":"product_cat-stickers-uv","8":"product_tag-dtf","9":"product_tag-stickerspremium","10":"product_tag-stickersuv","12":"first","13":"instock","14":"shipping-taxable","15":"purchasable","16":"product-type-simple"},"_links":{"self":[{"href":"https:\/\/somoskhepri.com.ar\/index.php?rest_route=\/wp\/v2\/product\/4339","targetHints":{"allow":["GET"]}}],"collection":[{"href":"https:\/\/somoskhepri.com.ar\/index.php?rest_route=\/wp\/v2\/product"}],"about":[{"href":"https:\/\/somoskhepri.com.ar\/index.php?rest_route=\/wp\/v2\/types\/product"}],"replies":[{"embeddable":true,"href":"https:\/\/somoskhepri.com.ar\/index.php?rest_route=%2Fwp%2Fv2%2Fcomments&post=4339"}],"wp:featuredmedia":[{"embeddable":true,"href":"https:\/\/somoskhepri.com.ar\/index.php?rest_route=\/wp\/v2\/media\/4335"}],"wp:attachment":[{"href":"https:\/\/somoskhepri.com.ar\/index.php?rest_route=%2Fwp%2Fv2%2Fmedia&parent=4339"}],"wp:term":[{"taxonomy":"product_brand","embeddable":true,"href":"https:\/\/somoskhepri.com.ar\/index.php?rest_route=%2Fwp%2Fv2%2Fproduct_brand&post=4339"},{"taxonomy":"product_cat","embeddable":true,"href":"https:\/\/somoskhepri.com.ar\/index.php?rest_route=%2Fwp%2Fv2%2Fproduct_cat&post=4339"},{"taxonomy":"product_tag","embeddable":true,"href":"https:\/\/somoskhepri.com.ar\/index.php?rest_route=%2Fwp%2Fv2%2Fproduct_tag&post=4339"}],"curies":[{"name":"wp","href":"https:\/\/api.w.org\/{rel}","templated":true}]}}