{"id":4349,"date":"2026-01-06T13:29:02","date_gmt":"2026-01-06T13:29:02","guid":{"rendered":"https:\/\/somoskhepri.com.ar\/?post_type=product&#038;p=4349"},"modified":"2026-01-06T13:33:33","modified_gmt":"2026-01-06T13:33:33","slug":"bolsa-zipper-de-polipropileno-ppp-5x7-x50-unidades","status":"publish","type":"product","link":"https:\/\/somoskhepri.com.ar\/?product=bolsa-zipper-de-polipropileno-ppp-5x7-x50-unidades","title":{"rendered":"BOLSA ZIPPER DE POLIPROPILENO (PPP) 5X7 x50 unidades"},"content":{"rendered":"","protected":false},"excerpt":{"rendered":"<p>Medida 5&#215;7<\/p>\n<p>Cierre zipper<\/p>\n<p>Pack por 50 unidades<\/p>\n<p>&nbsp;<\/p>\n<p>Ideal anillos y aritos. Complement\u00e1los con la tarjetita posicionadora para que tus productos queden a\u00fan m\u00e1s y mejor presentados<\/p>\n<p>&nbsp;<\/p>\n<p>Porque los detalles son todo!<\/p>\n","protected":false},"featured_media":4348,"comment_status":"open","ping_status":"closed","template":"","meta":[],"product_brand":[],"product_cat":[106],"product_tag":[109,38,111],"class_list":{"0":"post-4349","1":"product","2":"type-product","3":"status-publish","4":"has-post-thumbnail","6":"product_cat-insumos","7":"product_tag-bolsaplastica","8":"product_tag-packaging","9":"product_tag-polipropileno","11":"first","12":"instock","13":"shipping-taxable","14":"purchasable","15":"product-type-simple"},"_links":{"self":[{"href":"https:\/\/somoskhepri.com.ar\/index.php?rest_route=\/wp\/v2\/product\/4349","targetHints":{"allow":["GET"]}}],"collection":[{"href":"https:\/\/somoskhepri.com.ar\/index.php?rest_route=\/wp\/v2\/product"}],"about":[{"href":"https:\/\/somoskhepri.com.ar\/index.php?rest_route=\/wp\/v2\/types\/product"}],"replies":[{"embeddable":true,"href":"https:\/\/somoskhepri.com.ar\/index.php?rest_route=%2Fwp%2Fv2%2Fcomments&post=4349"}],"wp:featuredmedia":[{"embeddable":true,"href":"https:\/\/somoskhepri.com.ar\/index.php?rest_route=\/wp\/v2\/media\/4348"}],"wp:attachment":[{"href":"https:\/\/somoskhepri.com.ar\/index.php?rest_route=%2Fwp%2Fv2%2Fmedia&parent=4349"}],"wp:term":[{"taxonomy":"product_brand","embeddable":true,"href":"https:\/\/somoskhepri.com.ar\/index.php?rest_route=%2Fwp%2Fv2%2Fproduct_brand&post=4349"},{"taxonomy":"product_cat","embeddable":true,"href":"https:\/\/somoskhepri.com.ar\/index.php?rest_route=%2Fwp%2Fv2%2Fproduct_cat&post=4349"},{"taxonomy":"product_tag","embeddable":true,"href":"https:\/\/somoskhepri.com.ar\/index.php?rest_route=%2Fwp%2Fv2%2Fproduct_tag&post=4349"}],"curies":[{"name":"wp","href":"https:\/\/api.w.org\/{rel}","templated":true}]}}